{"id":719,"date":"2016-06-01T00:02:09","date_gmt":"2016-06-01T00:02:09","guid":{"rendered":"https:\/\/rgaa.com.br\/wp\/?page_id=719"},"modified":"2016-06-20T21:39:42","modified_gmt":"2016-06-20T21:39:42","slug":"contecioso-arbitragem","status":"publish","type":"page","link":"https:\/\/rgaa.com.br\/us\/solucoes-que-oferecemos\/contecioso-arbitragem\/","title":{"rendered":"Contencioso e Arbitragem"},"content":{"rendered":"<p>CONTENCIOSO JUDICIAL, ADMINISTRATIVO E ARBITRAGEM<\/p>\n<p>A RGAA tem como diretriz a busca pela solu\u00e7\u00e3o de lit\u00edgios extrajudiciais. Sempre que poss\u00edvel, busca-se o di\u00e1logo entre as partes atrav\u00e9s de reuni\u00f5es, correspond\u00eancias\/notifica\u00e7\u00f5es e media\u00e7\u00f5es. Neste momento, a utiliza\u00e7\u00e3o dos nossos n\u00facleos especializados assume papel fundamental para que haja o embasamento t\u00e9cnico de cada mat\u00e9ria tratada, facilitando as discuss\u00f5es para solucionar os conflitos. Buscamos economizar tempo, gastos desnecess\u00e1rios e o desgaste de um lit\u00edgio para os nossos clientes.<\/p>\n","protected":false},"excerpt":{"rendered":"<p>CONTENCIOSO JUDICIAL, ADMINISTRATIVO E ARBITRAGEM A RGAA tem como diretriz a busca pela solu\u00e7\u00e3o de lit\u00edgios extrajudiciais. Sempre que poss\u00edvel, busca-se o di\u00e1logo entre as partes atrav\u00e9s de reuni\u00f5es, correspond\u00eancias\/notifica\u00e7\u00f5es e media\u00e7\u00f5es. Neste momento, a utiliza\u00e7\u00e3o dos nossos n\u00facleos especializados assume papel fundamental para que haja o embasamento t\u00e9cnico de cada mat\u00e9ria tratada, facilitando as&#8230;<\/p>\n","protected":false},"author":7,"featured_media":0,"parent":22,"menu_order":0,"comment_status":"closed","ping_status":"closed","template":"template-projects_small.php","meta":[],"yoast_head":"<!-- This site is optimized with the Yoast SEO plugin v20.0 - https:\/\/yoast.com\/wordpress\/plugins\/seo\/ -->\n<title>Contencioso e Arbitragem - RGAA<\/title>\n<meta name=\"description\" content=\"Rebelo Gloger Advogados Associados\" \/>\n<meta name=\"robots\" content=\"index, follow, max-snippet:-1, max-image-preview:large, max-video-preview:-1\" \/>\n<link rel=\"canonical\" href=\"https:\/\/rgaa.com.br\/solucoes-que-oferecemos\/contecioso-arbitragem\/\" \/>\n<meta property=\"og:locale\" content=\"en_US\" \/>\n<meta property=\"og:type\" content=\"article\" \/>\n<meta property=\"og:title\" content=\"Contencioso e Arbitragem - RGAA\" \/>\n<meta property=\"og:description\" content=\"Rebelo Gloger Advogados Associados\" \/>\n<meta property=\"og:url\" content=\"https:\/\/rgaa.com.br\/solucoes-que-oferecemos\/contecioso-arbitragem\/\" \/>\n<meta property=\"og:site_name\" content=\"RGAA\" \/>\n<meta property=\"article:modified_time\" content=\"2016-06-20T21:39:42+00:00\" \/>\n<meta name=\"twitter:card\" content=\"summary_large_image\" \/>\n<script type=\"application\/ld+json\" class=\"yoast-schema-graph\">{\"@context\":\"https:\/\/schema.org\",\"@graph\":[{\"@type\":\"WebPage\",\"@id\":\"https:\/\/rgaa.com.br\/solucoes-que-oferecemos\/contecioso-arbitragem\/\",\"url\":\"https:\/\/rgaa.com.br\/solucoes-que-oferecemos\/contecioso-arbitragem\/\",\"name\":\"Contencioso e Arbitragem - RGAA\",\"isPartOf\":{\"@id\":\"https:\/\/rgaa.com.br\/us\/#website\"},\"datePublished\":\"2016-06-01T00:02:09+00:00\",\"dateModified\":\"2016-06-20T21:39:42+00:00\",\"description\":\"Rebelo Gloger Advogados Associados\",\"breadcrumb\":{\"@id\":\"https:\/\/rgaa.com.br\/solucoes-que-oferecemos\/contecioso-arbitragem\/#breadcrumb\"},\"inLanguage\":\"en-US\",\"potentialAction\":[{\"@type\":\"ReadAction\",\"target\":[\"https:\/\/rgaa.com.br\/solucoes-que-oferecemos\/contecioso-arbitragem\/\"]}]},{\"@type\":\"BreadcrumbList\",\"@id\":\"https:\/\/rgaa.com.br\/solucoes-que-oferecemos\/contecioso-arbitragem\/#breadcrumb\",\"itemListElement\":[{\"@type\":\"ListItem\",\"position\":1,\"name\":\"In\u00edcio\",\"item\":\"https:\/\/rgaa.com.br\/us\/\"},{\"@type\":\"ListItem\",\"position\":2,\"name\":\"Solu\u00e7\u00f5es que oferecemos\",\"item\":\"https:\/\/rgaa.com.br\/solucoes-que-oferecemos\/\"},{\"@type\":\"ListItem\",\"position\":3,\"name\":\"Contencioso e Arbitragem\"}]},{\"@type\":\"WebSite\",\"@id\":\"https:\/\/rgaa.com.br\/us\/#website\",\"url\":\"https:\/\/rgaa.com.br\/us\/\",\"name\":\"RGAA\",\"description\":\"Rebelo Gloger Advogados Associados\",\"potentialAction\":[{\"@type\":\"SearchAction\",\"target\":{\"@type\":\"EntryPoint\",\"urlTemplate\":\"https:\/\/rgaa.com.br\/us\/?s={search_term_string}\"},\"query-input\":\"required name=search_term_string\"}],\"inLanguage\":\"en-US\"}]}<\/script>\n<!-- \/ Yoast SEO plugin. -->","yoast_head_json":{"title":"Contencioso e Arbitragem - RGAA","description":"Rebelo Gloger Advogados Associados","robots":{"index":"index","follow":"follow","max-snippet":"max-snippet:-1","max-image-preview":"max-image-preview:large","max-video-preview":"max-video-preview:-1"},"canonical":"https:\/\/rgaa.com.br\/solucoes-que-oferecemos\/contecioso-arbitragem\/","og_locale":"en_US","og_type":"article","og_title":"Contencioso e Arbitragem - RGAA","og_description":"Rebelo Gloger Advogados Associados","og_url":"https:\/\/rgaa.com.br\/solucoes-que-oferecemos\/contecioso-arbitragem\/","og_site_name":"RGAA","article_modified_time":"2016-06-20T21:39:42+00:00","twitter_card":"summary_large_image","schema":{"@context":"https:\/\/schema.org","@graph":[{"@type":"WebPage","@id":"https:\/\/rgaa.com.br\/solucoes-que-oferecemos\/contecioso-arbitragem\/","url":"https:\/\/rgaa.com.br\/solucoes-que-oferecemos\/contecioso-arbitragem\/","name":"Contencioso e Arbitragem - RGAA","isPartOf":{"@id":"https:\/\/rgaa.com.br\/us\/#website"},"datePublished":"2016-06-01T00:02:09+00:00","dateModified":"2016-06-20T21:39:42+00:00","description":"Rebelo Gloger Advogados Associados","breadcrumb":{"@id":"https:\/\/rgaa.com.br\/solucoes-que-oferecemos\/contecioso-arbitragem\/#breadcrumb"},"inLanguage":"en-US","potentialAction":[{"@type":"ReadAction","target":["https:\/\/rgaa.com.br\/solucoes-que-oferecemos\/contecioso-arbitragem\/"]}]},{"@type":"BreadcrumbList","@id":"https:\/\/rgaa.com.br\/solucoes-que-oferecemos\/contecioso-arbitragem\/#breadcrumb","itemListElement":[{"@type":"ListItem","position":1,"name":"In\u00edcio","item":"https:\/\/rgaa.com.br\/us\/"},{"@type":"ListItem","position":2,"name":"Solu\u00e7\u00f5es que oferecemos","item":"https:\/\/rgaa.com.br\/solucoes-que-oferecemos\/"},{"@type":"ListItem","position":3,"name":"Contencioso e Arbitragem"}]},{"@type":"WebSite","@id":"https:\/\/rgaa.com.br\/us\/#website","url":"https:\/\/rgaa.com.br\/us\/","name":"RGAA","description":"Rebelo Gloger Advogados Associados","potentialAction":[{"@type":"SearchAction","target":{"@type":"EntryPoint","urlTemplate":"https:\/\/rgaa.com.br\/us\/?s={search_term_string}"},"query-input":"required name=search_term_string"}],"inLanguage":"en-US"}]}},"_links":{"self":[{"href":"https:\/\/rgaa.com.br\/us\/wp-json\/wp\/v2\/pages\/719"}],"collection":[{"href":"https:\/\/rgaa.com.br\/us\/wp-json\/wp\/v2\/pages"}],"about":[{"href":"https:\/\/rgaa.com.br\/us\/wp-json\/wp\/v2\/types\/page"}],"author":[{"embeddable":true,"href":"https:\/\/rgaa.com.br\/us\/wp-json\/wp\/v2\/users\/7"}],"replies":[{"embeddable":true,"href":"https:\/\/rgaa.com.br\/us\/wp-json\/wp\/v2\/comments?post=719"}],"version-history":[{"count":3,"href":"https:\/\/rgaa.com.br\/us\/wp-json\/wp\/v2\/pages\/719\/revisions"}],"predecessor-version":[{"id":744,"href":"https:\/\/rgaa.com.br\/us\/wp-json\/wp\/v2\/pages\/719\/revisions\/744"}],"up":[{"embeddable":true,"href":"https:\/\/rgaa.com.br\/us\/wp-json\/wp\/v2\/pages\/22"}],"wp:attachment":[{"href":"https:\/\/rgaa.com.br\/us\/wp-json\/wp\/v2\/media?parent=719"}],"curies":[{"name":"wp","href":"https:\/\/api.w.org\/{rel}","templated":true}]}}