{"id":60,"date":"2015-09-17T20:29:55","date_gmt":"2015-09-17T20:29:55","guid":{"rendered":"https:\/\/rgaa.com.br\/wp\/?page_id=60"},"modified":"2016-06-20T21:38:38","modified_gmt":"2016-06-20T21:38:38","slug":"solucoes-trabalhistas","status":"publish","type":"page","link":"https:\/\/rgaa.com.br\/us\/solucoes-que-oferecemos\/solucoes-trabalhistas\/","title":{"rendered":"Solu\u00e7\u00f5es Trabalhistas"},"content":{"rendered":"<p>A \u00e1rea de atua\u00e7\u00e3o trabalhista engloba tanto a parte de consultoria e assessoria, quanto a atua\u00e7\u00e3o contenciosa. A RGAA atua nos tributos que incidem sobre a folha de pagamento, para uma melhor otimiza\u00e7\u00e3o e orienta\u00e7\u00e3o nos custos envolvidos com a gest\u00e3o de pessoas em nossos clientes.<\/p>\n<p>A consultoria tem por finalidade auxiliar as empresas na boa estrutura\u00e7\u00e3o de seus quadros de funcion\u00e1rios, dentro do que disp\u00f5e a legisla\u00e7\u00e3o trabalhista.<\/p>\n","protected":false},"excerpt":{"rendered":"<p>A \u00e1rea de atua\u00e7\u00e3o trabalhista engloba tanto a parte de consultoria e assessoria, quanto a atua\u00e7\u00e3o contenciosa. A RGAA atua nos tributos que incidem sobre a folha de pagamento, para uma melhor otimiza\u00e7\u00e3o e orienta\u00e7\u00e3o nos custos envolvidos com a gest\u00e3o de pessoas em nossos clientes. A consultoria tem por finalidade auxiliar as empresas na&#8230;<\/p>\n","protected":false},"author":7,"featured_media":0,"parent":22,"menu_order":0,"comment_status":"closed","ping_status":"closed","template":"template-projects_small.php","meta":[],"yoast_head":"<!-- This site is optimized with the Yoast SEO plugin v20.0 - https:\/\/yoast.com\/wordpress\/plugins\/seo\/ -->\n<title>Solu\u00e7\u00f5es Trabalhistas - RGAA<\/title>\n<meta name=\"description\" content=\"Rebelo Gloger Advogados Associados\" \/>\n<meta name=\"robots\" content=\"index, follow, max-snippet:-1, max-image-preview:large, max-video-preview:-1\" \/>\n<link rel=\"canonical\" href=\"https:\/\/rgaa.com.br\/solucoes-que-oferecemos\/solucoes-trabalhistas\/\" \/>\n<meta property=\"og:locale\" content=\"en_US\" \/>\n<meta property=\"og:type\" content=\"article\" \/>\n<meta property=\"og:title\" content=\"Solu\u00e7\u00f5es Trabalhistas - RGAA\" \/>\n<meta property=\"og:description\" content=\"Rebelo Gloger Advogados Associados\" \/>\n<meta property=\"og:url\" content=\"https:\/\/rgaa.com.br\/solucoes-que-oferecemos\/solucoes-trabalhistas\/\" \/>\n<meta property=\"og:site_name\" content=\"RGAA\" \/>\n<meta property=\"article:modified_time\" content=\"2016-06-20T21:38:38+00:00\" \/>\n<meta name=\"twitter:card\" content=\"summary_large_image\" \/>\n<script type=\"application\/ld+json\" class=\"yoast-schema-graph\">{\"@context\":\"https:\/\/schema.org\",\"@graph\":[{\"@type\":\"WebPage\",\"@id\":\"https:\/\/rgaa.com.br\/solucoes-que-oferecemos\/solucoes-trabalhistas\/\",\"url\":\"https:\/\/rgaa.com.br\/solucoes-que-oferecemos\/solucoes-trabalhistas\/\",\"name\":\"Solu\u00e7\u00f5es Trabalhistas - RGAA\",\"isPartOf\":{\"@id\":\"https:\/\/rgaa.com.br\/us\/#website\"},\"datePublished\":\"2015-09-17T20:29:55+00:00\",\"dateModified\":\"2016-06-20T21:38:38+00:00\",\"description\":\"Rebelo Gloger Advogados Associados\",\"breadcrumb\":{\"@id\":\"https:\/\/rgaa.com.br\/solucoes-que-oferecemos\/solucoes-trabalhistas\/#breadcrumb\"},\"inLanguage\":\"en-US\",\"potentialAction\":[{\"@type\":\"ReadAction\",\"target\":[\"https:\/\/rgaa.com.br\/solucoes-que-oferecemos\/solucoes-trabalhistas\/\"]}]},{\"@type\":\"BreadcrumbList\",\"@id\":\"https:\/\/rgaa.com.br\/solucoes-que-oferecemos\/solucoes-trabalhistas\/#breadcrumb\",\"itemListElement\":[{\"@type\":\"ListItem\",\"position\":1,\"name\":\"In\u00edcio\",\"item\":\"https:\/\/rgaa.com.br\/us\/\"},{\"@type\":\"ListItem\",\"position\":2,\"name\":\"Solu\u00e7\u00f5es que oferecemos\",\"item\":\"https:\/\/rgaa.com.br\/solucoes-que-oferecemos\/\"},{\"@type\":\"ListItem\",\"position\":3,\"name\":\"Solu\u00e7\u00f5es Trabalhistas\"}]},{\"@type\":\"WebSite\",\"@id\":\"https:\/\/rgaa.com.br\/us\/#website\",\"url\":\"https:\/\/rgaa.com.br\/us\/\",\"name\":\"RGAA\",\"description\":\"Rebelo Gloger Advogados Associados\",\"potentialAction\":[{\"@type\":\"SearchAction\",\"target\":{\"@type\":\"EntryPoint\",\"urlTemplate\":\"https:\/\/rgaa.com.br\/us\/?s={search_term_string}\"},\"query-input\":\"required name=search_term_string\"}],\"inLanguage\":\"en-US\"}]}<\/script>\n<!-- \/ Yoast SEO plugin. -->","yoast_head_json":{"title":"Solu\u00e7\u00f5es Trabalhistas - RGAA","description":"Rebelo Gloger Advogados Associados","robots":{"index":"index","follow":"follow","max-snippet":"max-snippet:-1","max-image-preview":"max-image-preview:large","max-video-preview":"max-video-preview:-1"},"canonical":"https:\/\/rgaa.com.br\/solucoes-que-oferecemos\/solucoes-trabalhistas\/","og_locale":"en_US","og_type":"article","og_title":"Solu\u00e7\u00f5es Trabalhistas - RGAA","og_description":"Rebelo Gloger Advogados Associados","og_url":"https:\/\/rgaa.com.br\/solucoes-que-oferecemos\/solucoes-trabalhistas\/","og_site_name":"RGAA","article_modified_time":"2016-06-20T21:38:38+00:00","twitter_card":"summary_large_image","schema":{"@context":"https:\/\/schema.org","@graph":[{"@type":"WebPage","@id":"https:\/\/rgaa.com.br\/solucoes-que-oferecemos\/solucoes-trabalhistas\/","url":"https:\/\/rgaa.com.br\/solucoes-que-oferecemos\/solucoes-trabalhistas\/","name":"Solu\u00e7\u00f5es Trabalhistas - RGAA","isPartOf":{"@id":"https:\/\/rgaa.com.br\/us\/#website"},"datePublished":"2015-09-17T20:29:55+00:00","dateModified":"2016-06-20T21:38:38+00:00","description":"Rebelo Gloger Advogados Associados","breadcrumb":{"@id":"https:\/\/rgaa.com.br\/solucoes-que-oferecemos\/solucoes-trabalhistas\/#breadcrumb"},"inLanguage":"en-US","potentialAction":[{"@type":"ReadAction","target":["https:\/\/rgaa.com.br\/solucoes-que-oferecemos\/solucoes-trabalhistas\/"]}]},{"@type":"BreadcrumbList","@id":"https:\/\/rgaa.com.br\/solucoes-que-oferecemos\/solucoes-trabalhistas\/#breadcrumb","itemListElement":[{"@type":"ListItem","position":1,"name":"In\u00edcio","item":"https:\/\/rgaa.com.br\/us\/"},{"@type":"ListItem","position":2,"name":"Solu\u00e7\u00f5es que oferecemos","item":"https:\/\/rgaa.com.br\/solucoes-que-oferecemos\/"},{"@type":"ListItem","position":3,"name":"Solu\u00e7\u00f5es Trabalhistas"}]},{"@type":"WebSite","@id":"https:\/\/rgaa.com.br\/us\/#website","url":"https:\/\/rgaa.com.br\/us\/","name":"RGAA","description":"Rebelo Gloger Advogados Associados","potentialAction":[{"@type":"SearchAction","target":{"@type":"EntryPoint","urlTemplate":"https:\/\/rgaa.com.br\/us\/?s={search_term_string}"},"query-input":"required name=search_term_string"}],"inLanguage":"en-US"}]}},"_links":{"self":[{"href":"https:\/\/rgaa.com.br\/us\/wp-json\/wp\/v2\/pages\/60"}],"collection":[{"href":"https:\/\/rgaa.com.br\/us\/wp-json\/wp\/v2\/pages"}],"about":[{"href":"https:\/\/rgaa.com.br\/us\/wp-json\/wp\/v2\/types\/page"}],"author":[{"embeddable":true,"href":"https:\/\/rgaa.com.br\/us\/wp-json\/wp\/v2\/users\/7"}],"replies":[{"embeddable":true,"href":"https:\/\/rgaa.com.br\/us\/wp-json\/wp\/v2\/comments?post=60"}],"version-history":[{"count":10,"href":"https:\/\/rgaa.com.br\/us\/wp-json\/wp\/v2\/pages\/60\/revisions"}],"predecessor-version":[{"id":743,"href":"https:\/\/rgaa.com.br\/us\/wp-json\/wp\/v2\/pages\/60\/revisions\/743"}],"up":[{"embeddable":true,"href":"https:\/\/rgaa.com.br\/us\/wp-json\/wp\/v2\/pages\/22"}],"wp:attachment":[{"href":"https:\/\/rgaa.com.br\/us\/wp-json\/wp\/v2\/media?parent=60"}],"curies":[{"name":"wp","href":"https:\/\/api.w.org\/{rel}","templated":true}]}}