{"id":50,"date":"2015-09-17T18:26:49","date_gmt":"2015-09-17T18:26:49","guid":{"rendered":"https:\/\/rgaa.com.br\/wp\/?page_id=50"},"modified":"2016-06-20T21:27:46","modified_gmt":"2016-06-20T21:27:46","slug":"operacoes-societarias","status":"publish","type":"page","link":"https:\/\/rgaa.com.br\/us\/solucoes-que-oferecemos\/operacoes-societarias\/","title":{"rendered":"Opera\u00e7\u00f5es Societ\u00e1rias"},"content":{"rendered":"<p>Em todas as opera\u00e7\u00f5es corporativas envolvendo nossos clientes, buscamos solu\u00e7\u00f5es <u>pragm\u00e1ticas com foco no resultado<\/u>, fato que tem sido nossa principal caracter\u00edstica. Nosso escrit\u00f3rio conta com ampla experi\u00eancia em opera\u00e7\u00f5es estrat\u00e9gicas e societ\u00e1rias, sempre com foco nas consequ\u00eancias mais amplas (fiscais, tributarias, financeiras, institucionais, corporativas, sociais, trabalhistas, entre outras aplic\u00e1veis a cada neg\u00f3cio especifico) para as partes envolvidas em opera\u00e7\u00f5es como aquisi\u00e7\u00f5es, fus\u00f5es, cis\u00f5es de empresas.<\/p>\n<p>Al\u00e9m disso, contamos com uma completa assessoria na \u00e1rea de M&amp;A, desde o <em>due diligence<\/em> at\u00e9 o fechamento do neg\u00f3cio, com o apoio de equipe altamente qualificada.<\/p>\n<p>O que torna a RGAA um escrit\u00f3rio com pr\u00e1ticas corporativa e de planejamento societ\u00e1rio extremamente respeitados do mercado \u00e9 nossa ampla experi\u00eancia de diversos anos envolvidos em opera\u00e7\u00f5es de empresas dos mais variados portes e segmentos, com foco no resultado e pragmatismo nas solu\u00e7\u00f5es.<\/p>\n<div class=\"externalSourcesBoxed\"><\/div>\n","protected":false},"excerpt":{"rendered":"<p>Em todas as opera\u00e7\u00f5es corporativas envolvendo nossos clientes, buscamos solu\u00e7\u00f5es pragm\u00e1ticas com foco no resultado, fato que tem sido nossa principal caracter\u00edstica. Nosso escrit\u00f3rio conta com ampla experi\u00eancia em opera\u00e7\u00f5es estrat\u00e9gicas e societ\u00e1rias, sempre com foco nas consequ\u00eancias mais amplas (fiscais, tributarias, financeiras, institucionais, corporativas, sociais, trabalhistas, entre outras aplic\u00e1veis a cada neg\u00f3cio especifico) para&#8230;<\/p>\n","protected":false},"author":7,"featured_media":0,"parent":22,"menu_order":0,"comment_status":"closed","ping_status":"closed","template":"template-projects_small.php","meta":[],"yoast_head":"<!-- This site is optimized with the Yoast SEO plugin v20.0 - https:\/\/yoast.com\/wordpress\/plugins\/seo\/ -->\n<title>Opera\u00e7\u00f5es Societ\u00e1rias - RGAA<\/title>\n<meta name=\"description\" content=\"Rebelo Gloger Advogados Associados\" \/>\n<meta name=\"robots\" content=\"index, follow, max-snippet:-1, max-image-preview:large, max-video-preview:-1\" \/>\n<link rel=\"canonical\" href=\"https:\/\/rgaa.com.br\/solucoes-que-oferecemos\/operacoes-societarias\/\" \/>\n<meta property=\"og:locale\" content=\"en_US\" \/>\n<meta property=\"og:type\" content=\"article\" \/>\n<meta property=\"og:title\" content=\"Opera\u00e7\u00f5es Societ\u00e1rias - RGAA\" \/>\n<meta property=\"og:description\" content=\"Rebelo Gloger Advogados Associados\" \/>\n<meta property=\"og:url\" content=\"https:\/\/rgaa.com.br\/solucoes-que-oferecemos\/operacoes-societarias\/\" \/>\n<meta property=\"og:site_name\" content=\"RGAA\" \/>\n<meta property=\"article:modified_time\" content=\"2016-06-20T21:27:46+00:00\" \/>\n<meta name=\"twitter:card\" content=\"summary_large_image\" \/>\n<meta name=\"twitter:label1\" content=\"Est. reading time\" \/>\n\t<meta name=\"twitter:data1\" content=\"1 minute\" \/>\n<script type=\"application\/ld+json\" class=\"yoast-schema-graph\">{\"@context\":\"https:\/\/schema.org\",\"@graph\":[{\"@type\":\"WebPage\",\"@id\":\"https:\/\/rgaa.com.br\/solucoes-que-oferecemos\/operacoes-societarias\/\",\"url\":\"https:\/\/rgaa.com.br\/solucoes-que-oferecemos\/operacoes-societarias\/\",\"name\":\"Opera\u00e7\u00f5es Societ\u00e1rias - RGAA\",\"isPartOf\":{\"@id\":\"https:\/\/rgaa.com.br\/us\/#website\"},\"datePublished\":\"2015-09-17T18:26:49+00:00\",\"dateModified\":\"2016-06-20T21:27:46+00:00\",\"description\":\"Rebelo Gloger Advogados Associados\",\"breadcrumb\":{\"@id\":\"https:\/\/rgaa.com.br\/solucoes-que-oferecemos\/operacoes-societarias\/#breadcrumb\"},\"inLanguage\":\"en-US\",\"potentialAction\":[{\"@type\":\"ReadAction\",\"target\":[\"https:\/\/rgaa.com.br\/solucoes-que-oferecemos\/operacoes-societarias\/\"]}]},{\"@type\":\"BreadcrumbList\",\"@id\":\"https:\/\/rgaa.com.br\/solucoes-que-oferecemos\/operacoes-societarias\/#breadcrumb\",\"itemListElement\":[{\"@type\":\"ListItem\",\"position\":1,\"name\":\"In\u00edcio\",\"item\":\"https:\/\/rgaa.com.br\/us\/\"},{\"@type\":\"ListItem\",\"position\":2,\"name\":\"Solu\u00e7\u00f5es que oferecemos\",\"item\":\"https:\/\/rgaa.com.br\/solucoes-que-oferecemos\/\"},{\"@type\":\"ListItem\",\"position\":3,\"name\":\"Opera\u00e7\u00f5es Societ\u00e1rias\"}]},{\"@type\":\"WebSite\",\"@id\":\"https:\/\/rgaa.com.br\/us\/#website\",\"url\":\"https:\/\/rgaa.com.br\/us\/\",\"name\":\"RGAA\",\"description\":\"Rebelo Gloger Advogados Associados\",\"potentialAction\":[{\"@type\":\"SearchAction\",\"target\":{\"@type\":\"EntryPoint\",\"urlTemplate\":\"https:\/\/rgaa.com.br\/us\/?s={search_term_string}\"},\"query-input\":\"required name=search_term_string\"}],\"inLanguage\":\"en-US\"}]}<\/script>\n<!-- \/ Yoast SEO plugin. -->","yoast_head_json":{"title":"Opera\u00e7\u00f5es Societ\u00e1rias - RGAA","description":"Rebelo Gloger Advogados Associados","robots":{"index":"index","follow":"follow","max-snippet":"max-snippet:-1","max-image-preview":"max-image-preview:large","max-video-preview":"max-video-preview:-1"},"canonical":"https:\/\/rgaa.com.br\/solucoes-que-oferecemos\/operacoes-societarias\/","og_locale":"en_US","og_type":"article","og_title":"Opera\u00e7\u00f5es Societ\u00e1rias - RGAA","og_description":"Rebelo Gloger Advogados Associados","og_url":"https:\/\/rgaa.com.br\/solucoes-que-oferecemos\/operacoes-societarias\/","og_site_name":"RGAA","article_modified_time":"2016-06-20T21:27:46+00:00","twitter_card":"summary_large_image","twitter_misc":{"Est. reading time":"1 minute"},"schema":{"@context":"https:\/\/schema.org","@graph":[{"@type":"WebPage","@id":"https:\/\/rgaa.com.br\/solucoes-que-oferecemos\/operacoes-societarias\/","url":"https:\/\/rgaa.com.br\/solucoes-que-oferecemos\/operacoes-societarias\/","name":"Opera\u00e7\u00f5es Societ\u00e1rias - RGAA","isPartOf":{"@id":"https:\/\/rgaa.com.br\/us\/#website"},"datePublished":"2015-09-17T18:26:49+00:00","dateModified":"2016-06-20T21:27:46+00:00","description":"Rebelo Gloger Advogados Associados","breadcrumb":{"@id":"https:\/\/rgaa.com.br\/solucoes-que-oferecemos\/operacoes-societarias\/#breadcrumb"},"inLanguage":"en-US","potentialAction":[{"@type":"ReadAction","target":["https:\/\/rgaa.com.br\/solucoes-que-oferecemos\/operacoes-societarias\/"]}]},{"@type":"BreadcrumbList","@id":"https:\/\/rgaa.com.br\/solucoes-que-oferecemos\/operacoes-societarias\/#breadcrumb","itemListElement":[{"@type":"ListItem","position":1,"name":"In\u00edcio","item":"https:\/\/rgaa.com.br\/us\/"},{"@type":"ListItem","position":2,"name":"Solu\u00e7\u00f5es que oferecemos","item":"https:\/\/rgaa.com.br\/solucoes-que-oferecemos\/"},{"@type":"ListItem","position":3,"name":"Opera\u00e7\u00f5es Societ\u00e1rias"}]},{"@type":"WebSite","@id":"https:\/\/rgaa.com.br\/us\/#website","url":"https:\/\/rgaa.com.br\/us\/","name":"RGAA","description":"Rebelo Gloger Advogados Associados","potentialAction":[{"@type":"SearchAction","target":{"@type":"EntryPoint","urlTemplate":"https:\/\/rgaa.com.br\/us\/?s={search_term_string}"},"query-input":"required name=search_term_string"}],"inLanguage":"en-US"}]}},"_links":{"self":[{"href":"https:\/\/rgaa.com.br\/us\/wp-json\/wp\/v2\/pages\/50"}],"collection":[{"href":"https:\/\/rgaa.com.br\/us\/wp-json\/wp\/v2\/pages"}],"about":[{"href":"https:\/\/rgaa.com.br\/us\/wp-json\/wp\/v2\/types\/page"}],"author":[{"embeddable":true,"href":"https:\/\/rgaa.com.br\/us\/wp-json\/wp\/v2\/users\/7"}],"replies":[{"embeddable":true,"href":"https:\/\/rgaa.com.br\/us\/wp-json\/wp\/v2\/comments?post=50"}],"version-history":[{"count":9,"href":"https:\/\/rgaa.com.br\/us\/wp-json\/wp\/v2\/pages\/50\/revisions"}],"predecessor-version":[{"id":742,"href":"https:\/\/rgaa.com.br\/us\/wp-json\/wp\/v2\/pages\/50\/revisions\/742"}],"up":[{"embeddable":true,"href":"https:\/\/rgaa.com.br\/us\/wp-json\/wp\/v2\/pages\/22"}],"wp:attachment":[{"href":"https:\/\/rgaa.com.br\/us\/wp-json\/wp\/v2\/media?parent=50"}],"curies":[{"name":"wp","href":"https:\/\/api.w.org\/{rel}","templated":true}]}}