{"id":20,"date":"2015-09-17T04:48:19","date_gmt":"2015-09-17T04:48:19","guid":{"rendered":"https:\/\/rgaa.com.br\/wp\/?page_id=20"},"modified":"2016-05-09T16:25:30","modified_gmt":"2016-05-09T16:25:30","slug":"equipe","status":"publish","type":"page","link":"https:\/\/rgaa.com.br\/us\/quem-somos\/equipe\/","title":{"rendered":"Equipe"},"content":{"rendered":"<p>Sinergia \u00e9 a palavra chave para definir a equipe RGAA. Os profissionais membros do escrit\u00f3rio direcionam seus esfor\u00e7os para a coopera\u00e7\u00e3o mutua e trabalho conjunto. Os v\u00e1rios n\u00facleos de atua\u00e7\u00e3o compartilham suas experi\u00eancias, para que se possa chegar no melhor resultado final ao cliente.<\/p>\n<p>Aqui o todo supera a soma das partes. Cada profissional aplica o melhor de si visando atingir a excel\u00eancia do cumprimento de nossa miss\u00e3o e vis\u00e3o utilizando nossos valores como pilares de um trabalho s\u00e9rio e de eximia qualidade.<\/p>\n","protected":false},"excerpt":{"rendered":"<p>Sinergia \u00e9 a palavra chave para definir a equipe RGAA. Os profissionais membros do escrit\u00f3rio direcionam seus esfor\u00e7os para a coopera\u00e7\u00e3o mutua e trabalho conjunto. Os v\u00e1rios n\u00facleos de atua\u00e7\u00e3o compartilham suas experi\u00eancias, para que se possa chegar no melhor resultado final ao cliente. Aqui o todo supera a soma das partes. Cada profissional aplica&#8230;<\/p>\n","protected":false},"author":7,"featured_media":0,"parent":12,"menu_order":0,"comment_status":"closed","ping_status":"closed","template":"template-aboutUs.php","meta":[],"yoast_head":"<!-- This site is optimized with the Yoast SEO plugin v20.0 - https:\/\/yoast.com\/wordpress\/plugins\/seo\/ -->\n<title>Equipe - RGAA<\/title>\n<meta name=\"description\" content=\"Rebelo Gloger Advogados Associados\" \/>\n<meta name=\"robots\" content=\"index, follow, max-snippet:-1, max-image-preview:large, max-video-preview:-1\" \/>\n<link rel=\"canonical\" href=\"https:\/\/rgaa.com.br\/quem-somos\/equipe\/\" \/>\n<meta property=\"og:locale\" content=\"en_US\" \/>\n<meta property=\"og:type\" content=\"article\" \/>\n<meta property=\"og:title\" content=\"Equipe - RGAA\" \/>\n<meta property=\"og:description\" content=\"Rebelo Gloger Advogados Associados\" \/>\n<meta property=\"og:url\" content=\"https:\/\/rgaa.com.br\/quem-somos\/equipe\/\" \/>\n<meta property=\"og:site_name\" content=\"RGAA\" \/>\n<meta property=\"article:modified_time\" content=\"2016-05-09T16:25:30+00:00\" \/>\n<meta name=\"twitter:card\" content=\"summary_large_image\" \/>\n<script type=\"application\/ld+json\" class=\"yoast-schema-graph\">{\"@context\":\"https:\/\/schema.org\",\"@graph\":[{\"@type\":\"WebPage\",\"@id\":\"https:\/\/rgaa.com.br\/quem-somos\/equipe\/\",\"url\":\"https:\/\/rgaa.com.br\/quem-somos\/equipe\/\",\"name\":\"Equipe - RGAA\",\"isPartOf\":{\"@id\":\"https:\/\/rgaa.com.br\/us\/#website\"},\"datePublished\":\"2015-09-17T04:48:19+00:00\",\"dateModified\":\"2016-05-09T16:25:30+00:00\",\"description\":\"Rebelo Gloger Advogados Associados\",\"breadcrumb\":{\"@id\":\"https:\/\/rgaa.com.br\/quem-somos\/equipe\/#breadcrumb\"},\"inLanguage\":\"en-US\",\"potentialAction\":[{\"@type\":\"ReadAction\",\"target\":[\"https:\/\/rgaa.com.br\/quem-somos\/equipe\/\"]}]},{\"@type\":\"BreadcrumbList\",\"@id\":\"https:\/\/rgaa.com.br\/quem-somos\/equipe\/#breadcrumb\",\"itemListElement\":[{\"@type\":\"ListItem\",\"position\":1,\"name\":\"In\u00edcio\",\"item\":\"https:\/\/rgaa.com.br\/us\/\"},{\"@type\":\"ListItem\",\"position\":2,\"name\":\"Quem somos\",\"item\":\"https:\/\/rgaa.com.br\/quem-somos\/\"},{\"@type\":\"ListItem\",\"position\":3,\"name\":\"Equipe\"}]},{\"@type\":\"WebSite\",\"@id\":\"https:\/\/rgaa.com.br\/us\/#website\",\"url\":\"https:\/\/rgaa.com.br\/us\/\",\"name\":\"RGAA\",\"description\":\"Rebelo Gloger Advogados Associados\",\"potentialAction\":[{\"@type\":\"SearchAction\",\"target\":{\"@type\":\"EntryPoint\",\"urlTemplate\":\"https:\/\/rgaa.com.br\/us\/?s={search_term_string}\"},\"query-input\":\"required name=search_term_string\"}],\"inLanguage\":\"en-US\"}]}<\/script>\n<!-- \/ Yoast SEO plugin. -->","yoast_head_json":{"title":"Equipe - RGAA","description":"Rebelo Gloger Advogados Associados","robots":{"index":"index","follow":"follow","max-snippet":"max-snippet:-1","max-image-preview":"max-image-preview:large","max-video-preview":"max-video-preview:-1"},"canonical":"https:\/\/rgaa.com.br\/quem-somos\/equipe\/","og_locale":"en_US","og_type":"article","og_title":"Equipe - RGAA","og_description":"Rebelo Gloger Advogados Associados","og_url":"https:\/\/rgaa.com.br\/quem-somos\/equipe\/","og_site_name":"RGAA","article_modified_time":"2016-05-09T16:25:30+00:00","twitter_card":"summary_large_image","schema":{"@context":"https:\/\/schema.org","@graph":[{"@type":"WebPage","@id":"https:\/\/rgaa.com.br\/quem-somos\/equipe\/","url":"https:\/\/rgaa.com.br\/quem-somos\/equipe\/","name":"Equipe - RGAA","isPartOf":{"@id":"https:\/\/rgaa.com.br\/us\/#website"},"datePublished":"2015-09-17T04:48:19+00:00","dateModified":"2016-05-09T16:25:30+00:00","description":"Rebelo Gloger Advogados Associados","breadcrumb":{"@id":"https:\/\/rgaa.com.br\/quem-somos\/equipe\/#breadcrumb"},"inLanguage":"en-US","potentialAction":[{"@type":"ReadAction","target":["https:\/\/rgaa.com.br\/quem-somos\/equipe\/"]}]},{"@type":"BreadcrumbList","@id":"https:\/\/rgaa.com.br\/quem-somos\/equipe\/#breadcrumb","itemListElement":[{"@type":"ListItem","position":1,"name":"In\u00edcio","item":"https:\/\/rgaa.com.br\/us\/"},{"@type":"ListItem","position":2,"name":"Quem somos","item":"https:\/\/rgaa.com.br\/quem-somos\/"},{"@type":"ListItem","position":3,"name":"Equipe"}]},{"@type":"WebSite","@id":"https:\/\/rgaa.com.br\/us\/#website","url":"https:\/\/rgaa.com.br\/us\/","name":"RGAA","description":"Rebelo Gloger Advogados Associados","potentialAction":[{"@type":"SearchAction","target":{"@type":"EntryPoint","urlTemplate":"https:\/\/rgaa.com.br\/us\/?s={search_term_string}"},"query-input":"required name=search_term_string"}],"inLanguage":"en-US"}]}},"_links":{"self":[{"href":"https:\/\/rgaa.com.br\/us\/wp-json\/wp\/v2\/pages\/20"}],"collection":[{"href":"https:\/\/rgaa.com.br\/us\/wp-json\/wp\/v2\/pages"}],"about":[{"href":"https:\/\/rgaa.com.br\/us\/wp-json\/wp\/v2\/types\/page"}],"author":[{"embeddable":true,"href":"https:\/\/rgaa.com.br\/us\/wp-json\/wp\/v2\/users\/7"}],"replies":[{"embeddable":true,"href":"https:\/\/rgaa.com.br\/us\/wp-json\/wp\/v2\/comments?post=20"}],"version-history":[{"count":5,"href":"https:\/\/rgaa.com.br\/us\/wp-json\/wp\/v2\/pages\/20\/revisions"}],"predecessor-version":[{"id":161,"href":"https:\/\/rgaa.com.br\/us\/wp-json\/wp\/v2\/pages\/20\/revisions\/161"}],"up":[{"embeddable":true,"href":"https:\/\/rgaa.com.br\/us\/wp-json\/wp\/v2\/pages\/12"}],"wp:attachment":[{"href":"https:\/\/rgaa.com.br\/us\/wp-json\/wp\/v2\/media?parent=20"}],"curies":[{"name":"wp","href":"https:\/\/api.w.org\/{rel}","templated":true}]}}